{"id":13,"date":"2019-05-28T13:35:51","date_gmt":"2019-05-28T13:35:51","guid":{"rendered":"http:\/\/graviconcept.jeremy.pixinko.net\/?page_id=13"},"modified":"2021-01-04T14:55:33","modified_gmt":"2021-01-04T14:55:33","slug":"realisations","status":"publish","type":"page","link":"https:\/\/graviconcept.be\/fr\/realisations\/","title":{"rendered":"Nos r\u00e9alisations"},"content":{"rendered":"\r\n\n<section class=\"gv-page-section gv-real-section\">\n    <section class=\"gv-page-section-section gv-real-section-section\">\n        <div class=\"container\">\n            <article class=\"gv-page-s-presentation gv-real-s-presentation\">\n                <header class=\"gv-page-s-presentation-header gv-real-s-presentation-header pixanim pi-fadeInUp\" data-pi-delay=\".5s\">\n                    <h1 class=\"gv-little-h1\">Nos r\u00e9alisations<\/h1>\n                <\/header>\n                <section class=\"gv-page-s-presentation-section gv-real-s-presentation-section pixanim pi-fadeInUp\" data-pi-delay=\".7s\">\n                    <p>Graviconcept SA vous propose des solutions sur mesure \u00e0 toutes vos demandes techniques de pesage et de dosage<\/p>\n                <\/section>\n            <\/article>\n\n            <article class=\"gv-real-s-portfolio\">\n                \n<div class=\"gv-real-s-portfolio-container\">\n\n    \n\n                       <div class=\"gv-real-s-portfolio-bloc\" data-toggle=\"modal\" data-target=\"#realModal\" onclick=\"ajaxGetPortfolioItems(0);\">\n                    <div class=\"gv-real-s-portfolio-bloc-wrapper\">\n                        <div class=\"gv-real-s-portfolio-bw-thumbnails\">\n                            <img decoding=\"async\" src=\"https:\/\/graviconcept.be\/wp-content\/uploads\/2021\/01\/G2_Bascule-BMG-avec-prise-de-vitesse-SSG12.jpg\" alt=\"Bascule BMG avec sa prise de vitesse SSG12 en acier inoxydable\" >\n                        <\/div>\n                        <figcaption>\n                            <div class=\"gv-real-s-portfolio-bw-viewmore\">\n                                <div class=\"gv-real-s-portfolio-bw-viewmore-bloc\">     \n                                <\/div>\n                            <\/div>\n                        <\/figcaption>\n                    <\/div>\n                <\/div>\n                            <div class=\"gv-real-s-portfolio-bloc\" data-toggle=\"modal\" data-target=\"#realModal\" onclick=\"ajaxGetPortfolioItems(1);\">\n                    <div class=\"gv-real-s-portfolio-bloc-wrapper\">\n                        <div class=\"gv-real-s-portfolio-bw-thumbnails\">\n                            <img decoding=\"async\" src=\"https:\/\/graviconcept.be\/wp-content\/uploads\/2021\/01\/Bascule-SCHENCK-BMP-a-2-statoins-peees-scaled.jpg\" alt=\"Bascule QLAR MULTIBELT de type BMP \u00e0 2 stations pes\u00e9es \" >\n                        <\/div>\n                        <figcaption>\n                            <div class=\"gv-real-s-portfolio-bw-viewmore\">\n                                <div class=\"gv-real-s-portfolio-bw-viewmore-bloc\">     \n                                <\/div>\n                            <\/div>\n                        <\/figcaption>\n                    <\/div>\n                <\/div>\n                            <div class=\"gv-real-s-portfolio-bloc\" data-toggle=\"modal\" data-target=\"#realModal\" onclick=\"ajaxGetPortfolioItems(2);\">\n                    <div class=\"gv-real-s-portfolio-bloc-wrapper\">\n                        <div class=\"gv-real-s-portfolio-bw-thumbnails\">\n                            <img decoding=\"async\" src=\"https:\/\/graviconcept.be\/wp-content\/uploads\/2020\/06\/IMG_5884-scaled.jpg\" alt=\"Nouvelle version de la bascule BMG\" >\n                        <\/div>\n                        <figcaption>\n                            <div class=\"gv-real-s-portfolio-bw-viewmore\">\n                                <div class=\"gv-real-s-portfolio-bw-viewmore-bloc\">     \n                                <\/div>\n                            <\/div>\n                        <\/figcaption>\n                    <\/div>\n                <\/div>\n                            <div class=\"gv-real-s-portfolio-bloc\" data-toggle=\"modal\" data-target=\"#realModal\" onclick=\"ajaxGetPortfolioItems(3);\">\n                    <div class=\"gv-real-s-portfolio-bloc-wrapper\">\n                        <div class=\"gv-real-s-portfolio-bw-thumbnails\">\n                            <img decoding=\"async\" src=\"https:\/\/graviconcept.be\/wp-content\/uploads\/2021\/01\/F2_Panier-pour-poids-etalon.jpeg\" alt=\"Panier pour poids \u00e9talon sur la bascule BMG\" >\n                        <\/div>\n                        <figcaption>\n                            <div class=\"gv-real-s-portfolio-bw-viewmore\">\n                                <div class=\"gv-real-s-portfolio-bw-viewmore-bloc\">     \n                                <\/div>\n                            <\/div>\n                        <\/figcaption>\n                    <\/div>\n                <\/div>\n                            <div class=\"gv-real-s-portfolio-bloc\" data-toggle=\"modal\" data-target=\"#realModal\" onclick=\"ajaxGetPortfolioItems(4);\">\n                    <div class=\"gv-real-s-portfolio-bloc-wrapper\">\n                        <div class=\"gv-real-s-portfolio-bw-thumbnails\">\n                            <img decoding=\"async\" src=\"https:\/\/graviconcept.be\/wp-content\/uploads\/2021\/01\/H1_Bascule-integratrice-BDG-a-2-stations-pesees-pour-site.png\" alt=\"Bascule int\u00e9gratrice BDG \u00e0 2 stations pes\u00e9es\" >\n                        <\/div>\n                        <figcaption>\n                            <div class=\"gv-real-s-portfolio-bw-viewmore\">\n                                <div class=\"gv-real-s-portfolio-bw-viewmore-bloc\">     \n                                <\/div>\n                            <\/div>\n                        <\/figcaption>\n                    <\/div>\n                <\/div>\n                            <div class=\"gv-real-s-portfolio-bloc\" data-toggle=\"modal\" data-target=\"#realModal\" onclick=\"ajaxGetPortfolioItems(5);\">\n                    <div class=\"gv-real-s-portfolio-bloc-wrapper\">\n                        <div class=\"gv-real-s-portfolio-bw-thumbnails\">\n                            <img decoding=\"async\" src=\"https:\/\/graviconcept.be\/wp-content\/uploads\/2020\/06\/D1_Int\u00e9gration-dune-bascule-BMG-dans-un-ch\u00e2ssis-tubulaire-scaled.jpg\" alt=\"Int\u00e9gration d'une bascule BMG \u00e0 2 stations pes\u00e9es dans un ch\u00e2ssis tubulaire\" >\n                        <\/div>\n                        <figcaption>\n                            <div class=\"gv-real-s-portfolio-bw-viewmore\">\n                                <div class=\"gv-real-s-portfolio-bw-viewmore-bloc\">     \n                                <\/div>\n                            <\/div>\n                        <\/figcaption>\n                    <\/div>\n                <\/div>\n                            <div class=\"gv-real-s-portfolio-bloc\" data-toggle=\"modal\" data-target=\"#realModal\" onclick=\"ajaxGetPortfolioItems(6);\">\n                    <div class=\"gv-real-s-portfolio-bloc-wrapper\">\n                        <div class=\"gv-real-s-portfolio-bw-thumbnails\">\n                            <img decoding=\"async\" src=\"https:\/\/graviconcept.be\/wp-content\/uploads\/2020\/06\/B1_Adaptation-du-ch\u00e2ssis-pour-placer-une-bascule-scaled.jpg\" alt=\"Transformation d'un ch\u00e2ssis de convoyeur non-standard\" >\n                        <\/div>\n                        <figcaption>\n                            <div class=\"gv-real-s-portfolio-bw-viewmore\">\n                                <div class=\"gv-real-s-portfolio-bw-viewmore-bloc\">     \n                                <\/div>\n                            <\/div>\n                        <\/figcaption>\n                    <\/div>\n                <\/div>\n                            <div class=\"gv-real-s-portfolio-bloc\" data-toggle=\"modal\" data-target=\"#realModal\" onclick=\"ajaxGetPortfolioItems(7);\">\n                    <div class=\"gv-real-s-portfolio-bloc-wrapper\">\n                        <div class=\"gv-real-s-portfolio-bw-thumbnails\">\n                            <img decoding=\"async\" src=\"https:\/\/graviconcept.be\/wp-content\/uploads\/2020\/06\/A3_Poids-\u00e9talon-motoris\u00e9-sur-une-BMP.jpg\" alt=\"Poids \u00e9talon excentrique automatique\" >\n                        <\/div>\n                        <figcaption>\n                            <div class=\"gv-real-s-portfolio-bw-viewmore\">\n                                <div class=\"gv-real-s-portfolio-bw-viewmore-bloc\">     \n                                <\/div>\n                            <\/div>\n                        <\/figcaption>\n                    <\/div>\n                <\/div>\n                            <div class=\"gv-real-s-portfolio-bloc\" data-toggle=\"modal\" data-target=\"#realModal\" onclick=\"ajaxGetPortfolioItems(8);\">\n                    <div class=\"gv-real-s-portfolio-bloc-wrapper\">\n                        <div class=\"gv-real-s-portfolio-bw-thumbnails\">\n                            <img decoding=\"async\" src=\"https:\/\/graviconcept.be\/wp-content\/uploads\/2021\/01\/A2_Poids-etalon-excentrique-manuel-pour-site.png\" alt=\"Poids \u00e9talon excentrique manuel\" >\n                        <\/div>\n                        <figcaption>\n                            <div class=\"gv-real-s-portfolio-bw-viewmore\">\n                                <div class=\"gv-real-s-portfolio-bw-viewmore-bloc\">     \n                                <\/div>\n                            <\/div>\n                        <\/figcaption>\n                    <\/div>\n                <\/div>\n                            <div class=\"gv-real-s-portfolio-bloc\" data-toggle=\"modal\" data-target=\"#realModal\" onclick=\"ajaxGetPortfolioItems(9);\">\n                    <div class=\"gv-real-s-portfolio-bloc-wrapper\">\n                        <div class=\"gv-real-s-portfolio-bw-thumbnails\">\n                            <img decoding=\"async\" src=\"https:\/\/graviconcept.be\/wp-content\/uploads\/2019\/06\/Pesage-dynamique_Bascule-BMG_1.jpg\" alt=\"Alignement bascule int\u00e9gratrice BMG\" >\n                        <\/div>\n                        <figcaption>\n                            <div class=\"gv-real-s-portfolio-bw-viewmore\">\n                                <div class=\"gv-real-s-portfolio-bw-viewmore-bloc\">     \n                                <\/div>\n                            <\/div>\n                        <\/figcaption>\n                    <\/div>\n                <\/div>\n                            <div class=\"gv-real-s-portfolio-bloc\" data-toggle=\"modal\" data-target=\"#realModal\" onclick=\"ajaxGetPortfolioItems(10);\">\n                    <div class=\"gv-real-s-portfolio-bloc-wrapper\">\n                        <div class=\"gv-real-s-portfolio-bw-thumbnails\">\n                            <img decoding=\"async\" src=\"https:\/\/graviconcept.be\/wp-content\/uploads\/2021\/01\/E1_Systeme-pneumatique-detalonnage-automatique-de-tremie-pour-site.png\" alt=\"Syst\u00e8me pneumatique d'\u00e9talonnage \u00e0 distance de tr\u00e9mie pes\u00e9e\" >\n                        <\/div>\n                        <figcaption>\n                            <div class=\"gv-real-s-portfolio-bw-viewmore\">\n                                <div class=\"gv-real-s-portfolio-bw-viewmore-bloc\">     \n                                <\/div>\n                            <\/div>\n                        <\/figcaption>\n                    <\/div>\n                <\/div>\n                            <div class=\"gv-real-s-portfolio-bloc\" data-toggle=\"modal\" data-target=\"#realModal\" onclick=\"ajaxGetPortfolioItems(11);\">\n                    <div class=\"gv-real-s-portfolio-bloc-wrapper\">\n                        <div class=\"gv-real-s-portfolio-bw-thumbnails\">\n                            <img decoding=\"async\" src=\"https:\/\/graviconcept.be\/wp-content\/uploads\/2020\/06\/E2_Syst\u00e8me-pneumatique-d\u00e9talonnage-automatique-de-tr\u00e9mie.jpg\" alt=\"Automatisation de l'\u00e9talonnage de plusieurs tr\u00e9mies pes\u00e9es\" >\n                        <\/div>\n                        <figcaption>\n                            <div class=\"gv-real-s-portfolio-bw-viewmore\">\n                                <div class=\"gv-real-s-portfolio-bw-viewmore-bloc\">     \n                                <\/div>\n                            <\/div>\n                        <\/figcaption>\n                    <\/div>\n                <\/div>\n                            <div class=\"gv-real-s-portfolio-bloc\" data-toggle=\"modal\" data-target=\"#realModal\" onclick=\"ajaxGetPortfolioItems(12);\">\n                    <div class=\"gv-real-s-portfolio-bloc-wrapper\">\n                        <div class=\"gv-real-s-portfolio-bw-thumbnails\">\n                            <img decoding=\"async\" src=\"https:\/\/graviconcept.be\/wp-content\/uploads\/2024\/02\/etalonnage-silo_low-scaled.jpg\" alt=\"Etalonnage air comprim\u00e9\" >\n                        <\/div>\n                        <figcaption>\n                            <div class=\"gv-real-s-portfolio-bw-viewmore\">\n                                <div class=\"gv-real-s-portfolio-bw-viewmore-bloc\">     \n                                <\/div>\n                            <\/div>\n                        <\/figcaption>\n                    <\/div>\n                <\/div>\n                    \n        <!-- Modal -->\n\n        <div class=\"gv-modal modal fade\" id=\"realModal\" tabindex=\"-1\" role=\"dialog\" aria-labelledby=\"realModal\" aria-hidden=\"true\">\n            <div class=\"px-prtf-modal-switch-buttons\">\n                <div class=\"px-prtf-modal-switch-button-prev\">\n                    <button type=\"button\" class=\"btn btn-default btn-prev\" onclick=\"\"><\/button>\n                <\/div>\n                <div class=\"px-prtf-modal-switch-button-next\">\n                    <button type=\"button\" class=\"btn btn-default btn-next\" onclick=\"\"><\/button>\n                <\/div>\n            <\/div>\n            <div class=\"gv-prtf-modal-box modal-dialog modal-dialog-centered\" role=\"document\">\n                <div class=\"gv-modal-content modal-content\">\n                    <div class=\"gv-modal-header modal-header\">\n                        <div class=\"gv-prtf-close-button-ico\">\n                            <button type=\"button\" class=\"btn btn-default gv-btn-close\" data-dismiss=\"modal\"><\/button>\n                        <\/div>\n                    <\/div>\n                    <section id=\"gv-prtf-is-gallery-id\" class=\"gv-prtf-mc-real-wt-cnt\">\n                        <article class=\"gv-prtf-mc-real-cnt-top\">\n                            <div class=\"gv-prtf-mc-real-cnt-top-box\">\n                                <div class=\"gv-prtf-rct-picture\">\n                                    <div class=\"gv-carousel-inner-box carousel-inner\">\n                                        <div class=\"gv-carousel-item-box\">\n                                            <div class=\"px-carousel-item-picture-box content_tabs\">\n                                                <img decoding=\"async\" src=\"\" \/>\n                                            <\/div>\n                                            <div class=\"gv-prtf-mc-real-cnt-bottom\">\n                                                <div class=\"gv-prtf-mc-real-cnt-bottom-box\">\n                                                    <div class=\"gv-prtf-rcb-title\">\n                                                        <h3><\/h3>\n                                                    <\/div>\n                                                    <div class=\"gv-prtf-rcb-description\">\n                                                        <p><\/p>\n                                                    <\/div>\n                                                <\/div>\n                                            <\/div>\n                                        <\/div>\n                                    <\/div>\n                                <\/div>\n                            <\/div>\n                        <\/article>\n                    <\/section>\n                <\/div>\n            <\/div>\n        <\/div>\n\n\n        \n<\/div>\n                <div class=\"gv-home-s-real-button\">\n                    <a class=\"btn btn-grey gz-load-more\" data-page=\"1\" data-url=\"https:\/\/graviconcept.be\/wp-admin\/admin-ajax.php\">\n                        Voir plus de r\u00e9alisations                    <\/a>\n                <\/div>\n            <\/article>\n        <\/div>\n    <\/section>\n<\/section>\r\n","protected":false},"excerpt":{"rendered":"","protected":false},"author":1,"featured_media":0,"parent":0,"menu_order":0,"comment_status":"closed","ping_status":"closed","template":"","meta":{"_acf_changed":false,"inline_featured_image":false,"footnotes":""},"class_list":["post-13","page","type-page","status-publish","hentry"],"acf":[],"yoast_head":"<!-- This site is optimized with the Yoast SEO plugin v27.4 - https:\/\/yoast.com\/product\/yoast-seo-wordpress\/ -->\n<title>Nos r\u00e9alisations - Graviconcept<\/title>\n<meta name=\"robots\" content=\"index, follow, max-snippet:-1, max-image-preview:large, max-video-preview:-1\" \/>\n<link rel=\"canonical\" href=\"https:\/\/graviconcept.be\/fr\/realisations\/\" \/>\n<meta property=\"og:locale\" content=\"fr_FR\" \/>\n<meta property=\"og:type\" content=\"article\" \/>\n<meta property=\"og:title\" content=\"Nos r\u00e9alisations - Graviconcept\" \/>\n<meta property=\"og:url\" content=\"https:\/\/graviconcept.be\/fr\/realisations\/\" \/>\n<meta property=\"og:site_name\" content=\"Graviconcept\" \/>\n<meta property=\"article:modified_time\" content=\"2021-01-04T14:55:33+00:00\" \/>\n<meta name=\"twitter:card\" content=\"summary_large_image\" \/>\n<meta name=\"twitter:label1\" content=\"Dur\u00e9e de lecture estim\u00e9e\" \/>\n\t<meta name=\"twitter:data1\" content=\"1 minute\" \/>\n<script type=\"application\/ld+json\" class=\"yoast-schema-graph\">{\"@context\":\"https:\\\/\\\/schema.org\",\"@graph\":[{\"@type\":\"WebPage\",\"@id\":\"https:\\\/\\\/graviconcept.be\\\/realisations\\\/\",\"url\":\"https:\\\/\\\/graviconcept.be\\\/realisations\\\/\",\"name\":\"Nos r\u00e9alisations - Graviconcept\",\"isPartOf\":{\"@id\":\"https:\\\/\\\/graviconcept.be\\\/#website\"},\"datePublished\":\"2019-05-28T13:35:51+00:00\",\"dateModified\":\"2021-01-04T14:55:33+00:00\",\"breadcrumb\":{\"@id\":\"https:\\\/\\\/graviconcept.be\\\/realisations\\\/#breadcrumb\"},\"inLanguage\":\"fr-FR\",\"potentialAction\":[{\"@type\":\"ReadAction\",\"target\":[\"https:\\\/\\\/graviconcept.be\\\/realisations\\\/\"]}]},{\"@type\":\"BreadcrumbList\",\"@id\":\"https:\\\/\\\/graviconcept.be\\\/realisations\\\/#breadcrumb\",\"itemListElement\":[{\"@type\":\"ListItem\",\"position\":1,\"name\":\"Accueil\",\"item\":\"https:\\\/\\\/graviconcept.be\\\/\"},{\"@type\":\"ListItem\",\"position\":2,\"name\":\"Nos r\u00e9alisations\"}]},{\"@type\":\"WebSite\",\"@id\":\"https:\\\/\\\/graviconcept.be\\\/#website\",\"url\":\"https:\\\/\\\/graviconcept.be\\\/\",\"name\":\"Graviconcept\",\"description\":\"Weighing &amp; feeding solutions for the industry\",\"potentialAction\":[{\"@type\":\"SearchAction\",\"target\":{\"@type\":\"EntryPoint\",\"urlTemplate\":\"https:\\\/\\\/graviconcept.be\\\/?s={search_term_string}\"},\"query-input\":{\"@type\":\"PropertyValueSpecification\",\"valueRequired\":true,\"valueName\":\"search_term_string\"}}],\"inLanguage\":\"fr-FR\"}]}<\/script>\n<!-- \/ Yoast SEO plugin. -->","yoast_head_json":{"title":"Nos r\u00e9alisations - Graviconcept","robots":{"index":"index","follow":"follow","max-snippet":"max-snippet:-1","max-image-preview":"max-image-preview:large","max-video-preview":"max-video-preview:-1"},"canonical":"https:\/\/graviconcept.be\/fr\/realisations\/","og_locale":"fr_FR","og_type":"article","og_title":"Nos r\u00e9alisations - Graviconcept","og_url":"https:\/\/graviconcept.be\/fr\/realisations\/","og_site_name":"Graviconcept","article_modified_time":"2021-01-04T14:55:33+00:00","twitter_card":"summary_large_image","twitter_misc":{"Dur\u00e9e de lecture estim\u00e9e":"1 minute"},"schema":{"@context":"https:\/\/schema.org","@graph":[{"@type":"WebPage","@id":"https:\/\/graviconcept.be\/realisations\/","url":"https:\/\/graviconcept.be\/realisations\/","name":"Nos r\u00e9alisations - Graviconcept","isPartOf":{"@id":"https:\/\/graviconcept.be\/#website"},"datePublished":"2019-05-28T13:35:51+00:00","dateModified":"2021-01-04T14:55:33+00:00","breadcrumb":{"@id":"https:\/\/graviconcept.be\/realisations\/#breadcrumb"},"inLanguage":"fr-FR","potentialAction":[{"@type":"ReadAction","target":["https:\/\/graviconcept.be\/realisations\/"]}]},{"@type":"BreadcrumbList","@id":"https:\/\/graviconcept.be\/realisations\/#breadcrumb","itemListElement":[{"@type":"ListItem","position":1,"name":"Accueil","item":"https:\/\/graviconcept.be\/"},{"@type":"ListItem","position":2,"name":"Nos r\u00e9alisations"}]},{"@type":"WebSite","@id":"https:\/\/graviconcept.be\/#website","url":"https:\/\/graviconcept.be\/","name":"Graviconcept","description":"Weighing &amp; feeding solutions for the industry","potentialAction":[{"@type":"SearchAction","target":{"@type":"EntryPoint","urlTemplate":"https:\/\/graviconcept.be\/?s={search_term_string}"},"query-input":{"@type":"PropertyValueSpecification","valueRequired":true,"valueName":"search_term_string"}}],"inLanguage":"fr-FR"}]}},"_links":{"self":[{"href":"https:\/\/graviconcept.be\/fr\/wp-json\/wp\/v2\/pages\/13","targetHints":{"allow":["GET"]}}],"collection":[{"href":"https:\/\/graviconcept.be\/fr\/wp-json\/wp\/v2\/pages"}],"about":[{"href":"https:\/\/graviconcept.be\/fr\/wp-json\/wp\/v2\/types\/page"}],"author":[{"embeddable":true,"href":"https:\/\/graviconcept.be\/fr\/wp-json\/wp\/v2\/users\/1"}],"replies":[{"embeddable":true,"href":"https:\/\/graviconcept.be\/fr\/wp-json\/wp\/v2\/comments?post=13"}],"version-history":[{"count":11,"href":"https:\/\/graviconcept.be\/fr\/wp-json\/wp\/v2\/pages\/13\/revisions"}],"predecessor-version":[{"id":846,"href":"https:\/\/graviconcept.be\/fr\/wp-json\/wp\/v2\/pages\/13\/revisions\/846"}],"wp:attachment":[{"href":"https:\/\/graviconcept.be\/fr\/wp-json\/wp\/v2\/media?parent=13"}],"curies":[{"name":"wp","href":"https:\/\/api.w.org\/{rel}","templated":true}]}}