{"id":9,"date":"2019-05-28T13:34:01","date_gmt":"2019-05-28T13:34:01","guid":{"rendered":"http:\/\/graviconcept.jeremy.pixinko.net\/?page_id=9"},"modified":"2025-08-25T13:02:06","modified_gmt":"2025-08-25T13:02:06","slug":"accueil","status":"publish","type":"page","link":"https:\/\/graviconcept.be\/fr\/","title":{"rendered":"Accueil"},"content":{"rendered":"\r\n\n<section class=\"gv-page-section gv-home-section\">\n    <header class=\"gv-page-section-header gv-home-section-header\">\n        <div class=\"gv-page-sheader-image\" style=\"background-image: url('https:\/\/graviconcept.be\/wp-content\/uploads\/2019\/06\/Pesage-dynamique_Bascule-BMP-peinte_2-e1602684821523.jpg');\">\n            <div class=\"gv-page-sheader-opacity\"><\/div>\n            <div class=\"gv-page-sheader-content container\">\n                <div class=\"gv-page-sheader-content-text\">\n                    <div class=\"gv-page-sheader-content-text-flex\">\n                        <div class=\"gv-page-sheader-content-text-left\">\n                            <div class=\"gv-page-sheader-content-tl-width pixanim pi-fadeInUp\" data-pi-delay=\".5s\">\n                                <h2 class=\"gv-title-h2\">Graviconcept SA <br><br>\r\nVotre partenaire privil\u00e9gi\u00e9 pour la mesure gravim\u00e9trique de produits en vrac.<\/h2>\n                            <\/div>\n                        <\/div>\n                        <div class=\"gv-page-sheader-content-text-right\">\n                            <a href=\"\/nos-solutions\/\" class=\"btn btn-grey\">Voir nos produits<\/a>\n                        <\/div>\n                    <\/div>\n                <\/div>\n            <\/div>\n        <\/div>\n    <\/header>\n    <section class=\"gv-page-section-section gv-home-section-section\">\n        <div class=\"container\">\n            <article class=\"gv-page-s-presentation gv-prod-s-presentation\">\n                <header class=\"gv-page-s-presentation-header gv-prod-s-presentation-header pixanim pi-fadeInUp\" data-pi-delay=\".5s\">\n                    <h1 class=\"gv-little-h1\">Pr\u00e9sentation<\/h1>\n                <\/header>\n                <section class=\"gv-page-s-presentation-section gv-home-s-presentation-section pixanim pi-fadeInUp\" data-pi-delay=\".7s\">\n                    <p>Avec plus de 35 ans d'exp\u00e9rience en tant qu'agent de QLAR (anciennement SCHENCK Process) et pr\u00e8s d'un millier d'installations \u00e0 travers le Benelux ;<br>\r\nGraviconcept SA est un sp\u00e9cialiste reconnu de la mesure en continu de produits en vrac sur des convoyeurs \u00e0 bande ;<br>\r\nDe la prise de cotes sur site \u00e0 la mise en service, nous vous accompagnons dans le choix d'une solution optimale et innovante pour toutes vos applications industrielles de pesage statique, dynamique ou de dosage de haute pr\u00e9cision.<\/p>\n                <\/section>\n            <\/article>\n\n            <article class=\"gv-home-s-productsList\">\n                        <div class=\"gv-products-s-list-flex\">\n    \n<article class=\"gv-product-s-list-container\">\n    <div class=\"gv-product-s-list-thumbnails\" style=\"background-image: url('https:\/\/graviconcept.be\/wp-content\/uploads\/2020\/10\/IMG_0653_cadree-scaled.jpg');\">\n        <div class=\"gv-product-s-list-wrapper\">\n            <a href=\"https:\/\/graviconcept.be\/fr\/category\/1-pesage-statique\/\">\n                <figcaption>\n                    <div class=\"gv-product-s-list-w-figbloc\">\n                        <div class=\"gv-product-s-list-w-more\">\n                            <div class=\"gv-product-s-list-w-more-button\">\n                                <div class=\"btn btn-moreinfos btn-glass\">\n                                    <div class=\"gv-product-s-list-w-title\">\n                                        <h3>Pesage statique<\/h3>\n                                    <\/div>\n                                <\/div>\n                            <\/div>\n                        <\/div>\n                    <\/div>\n                <\/figcaption>\n            <\/a>\n        <\/div> \n    <\/div> \n<\/article>\n<article class=\"gv-product-s-list-container\">\n    <div class=\"gv-product-s-list-thumbnails\" style=\"background-image: url('https:\/\/graviconcept.be\/wp-content\/uploads\/2019\/06\/Pesage-dynamique_Bascule-BMP-peinte_2-e1602684821523.jpg');\">\n        <div class=\"gv-product-s-list-wrapper\">\n            <a href=\"https:\/\/graviconcept.be\/fr\/category\/2-pesage-dynamique\/\">\n                <figcaption>\n                    <div class=\"gv-product-s-list-w-figbloc\">\n                        <div class=\"gv-product-s-list-w-more\">\n                            <div class=\"gv-product-s-list-w-more-button\">\n                                <div class=\"btn btn-moreinfos btn-glass\">\n                                    <div class=\"gv-product-s-list-w-title\">\n                                        <h3>Pesage dynamique<\/h3>\n                                    <\/div>\n                                <\/div>\n                            <\/div>\n                        <\/div>\n                    <\/div>\n                <\/figcaption>\n            <\/a>\n        <\/div> \n    <\/div> \n<\/article>\n<article class=\"gv-product-s-list-container\">\n    <div class=\"gv-product-s-list-thumbnails\" style=\"background-image: url('https:\/\/graviconcept.be\/wp-content\/uploads\/2019\/06\/Pesage-dynamique_Doseur-MULTIDOS_2.jpg');\">\n        <div class=\"gv-product-s-list-wrapper\">\n            <a href=\"https:\/\/graviconcept.be\/fr\/category\/3-dosage\/\">\n                <figcaption>\n                    <div class=\"gv-product-s-list-w-figbloc\">\n                        <div class=\"gv-product-s-list-w-more\">\n                            <div class=\"gv-product-s-list-w-more-button\">\n                                <div class=\"btn btn-moreinfos btn-glass\">\n                                    <div class=\"gv-product-s-list-w-title\">\n                                        <h3>Dosage<\/h3>\n                                    <\/div>\n                                <\/div>\n                            <\/div>\n                        <\/div>\n                    <\/div>\n                <\/figcaption>\n            <\/a>\n        <\/div> \n    <\/div> \n<\/article>\n<article class=\"gv-product-s-list-container\">\n    <div class=\"gv-product-s-list-thumbnails\" style=\"background-image: url('https:\/\/graviconcept.be\/wp-content\/uploads\/2026\/01\/flex-lift-zoom.png');\">\n        <div class=\"gv-product-s-list-wrapper\">\n            <a href=\"https:\/\/graviconcept.be\/fr\/category\/4-leve-bande-transporteuse\/\">\n                <figcaption>\n                    <div class=\"gv-product-s-list-w-figbloc\">\n                        <div class=\"gv-product-s-list-w-more\">\n                            <div class=\"gv-product-s-list-w-more-button\">\n                                <div class=\"btn btn-moreinfos btn-glass\">\n                                    <div class=\"gv-product-s-list-w-title\">\n                                        <h3>L\u00e8ve bande transporteuse<\/h3>\n                                    <\/div>\n                                <\/div>\n                            <\/div>\n                        <\/div>\n                    <\/div>\n                <\/figcaption>\n            <\/a>\n        <\/div> \n    <\/div> \n<\/article>\n<article class=\"gv-product-s-list-container\">\n    <div class=\"gv-product-s-list-thumbnails\" style=\"background-image: url('https:\/\/graviconcept.be\/wp-content\/uploads\/2024\/04\/Technicien-DISOBOX-cable.jpg');\">\n        <div class=\"gv-product-s-list-wrapper\">\n            <a href=\"https:\/\/graviconcept.be\/fr\/category\/5-pesage-ponctuel\/\">\n                <figcaption>\n                    <div class=\"gv-product-s-list-w-figbloc\">\n                        <div class=\"gv-product-s-list-w-more\">\n                            <div class=\"gv-product-s-list-w-more-button\">\n                                <div class=\"btn btn-moreinfos btn-glass\">\n                                    <div class=\"gv-product-s-list-w-title\">\n                                        <h3>Pesage ponctuel<\/h3>\n                                    <\/div>\n                                <\/div>\n                            <\/div>\n                        <\/div>\n                    <\/div>\n                <\/figcaption>\n            <\/a>\n        <\/div> \n    <\/div> \n<\/article>        <\/div>\n                <\/article>\n        <\/div>\n        <article class=\"gv-home-s-realisations\">\n            <div class=\"container\">\n                <header class=\"gv-page-s-realisations-header pixanim pi-fadeInUp\" data-pi-delay=\".5s\">\n                    <h2 class=\"gv-little-h2\">Quelques r\u00e9alisations r\u00e9centes<\/h2>\n                <\/header>\n                <section>\n                    <div class=\"gv-real-s-portfolio-container\">\n\n\n    <div class=\"gv-real-s-portfolio-bloc\" data-toggle=\"modal\" data-target=\"#realModal\" onclick=\"ajaxGetPortfolioItems(0);\">\n        <div class=\"gv-real-s-portfolio-bloc-wrapper\">\n            <div class=\"gv-real-s-portfolio-bw-thumbnails\">\n                <img decoding=\"async\" src=\"https:\/\/graviconcept.be\/wp-content\/uploads\/2021\/01\/G2_Bascule-BMG-avec-prise-de-vitesse-SSG12.jpg\" alt=\"Bascule BMG avec sa prise de vitesse SSG12 en acier inoxydable\" >\n            <\/div>\n            <figcaption>\n                <div class=\"gv-real-s-portfolio-bw-viewmore\">\n                    <div class=\"gv-real-s-portfolio-bw-viewmore-bloc\"><\/div>\n                <\/div>\n            <\/figcaption>\n        <\/div>\n    <\/div>\n\n\n    \n\n    \n    <div class=\"gv-real-s-portfolio-bloc\" data-toggle=\"modal\" data-target=\"#realModal\" onclick=\"ajaxGetPortfolioItems(1);\">\n        <div class=\"gv-real-s-portfolio-bloc-wrapper\">\n            <div class=\"gv-real-s-portfolio-bw-thumbnails\">\n                <img decoding=\"async\" src=\"https:\/\/graviconcept.be\/wp-content\/uploads\/2021\/01\/Bascule-SCHENCK-BMP-a-2-statoins-peees-scaled.jpg\" alt=\"Bascule QLAR MULTIBELT de type BMP \u00e0 2 stations pes\u00e9es \" >\n            <\/div>\n            <figcaption>\n                <div class=\"gv-real-s-portfolio-bw-viewmore\">\n                    <div class=\"gv-real-s-portfolio-bw-viewmore-bloc\"><\/div>\n                <\/div>\n            <\/figcaption>\n        <\/div>\n    <\/div>\n\n\n    \n\n    \n    <div class=\"gv-real-s-portfolio-bloc\" data-toggle=\"modal\" data-target=\"#realModal\" onclick=\"ajaxGetPortfolioItems(2);\">\n        <div class=\"gv-real-s-portfolio-bloc-wrapper\">\n            <div class=\"gv-real-s-portfolio-bw-thumbnails\">\n                <img decoding=\"async\" src=\"https:\/\/graviconcept.be\/wp-content\/uploads\/2020\/06\/IMG_5884-scaled.jpg\" alt=\"Nouvelle version de la bascule BMG\" >\n            <\/div>\n            <figcaption>\n                <div class=\"gv-real-s-portfolio-bw-viewmore\">\n                    <div class=\"gv-real-s-portfolio-bw-viewmore-bloc\"><\/div>\n                <\/div>\n            <\/figcaption>\n        <\/div>\n    <\/div>\n\n\n    \n\n    \n    <div class=\"gv-real-s-portfolio-bloc\" data-toggle=\"modal\" data-target=\"#realModal\" onclick=\"ajaxGetPortfolioItems(3);\">\n        <div class=\"gv-real-s-portfolio-bloc-wrapper\">\n            <div class=\"gv-real-s-portfolio-bw-thumbnails\">\n                <img decoding=\"async\" src=\"https:\/\/graviconcept.be\/wp-content\/uploads\/2021\/01\/F2_Panier-pour-poids-etalon.jpeg\" alt=\"Panier pour poids \u00e9talon sur la bascule BMG\" >\n            <\/div>\n            <figcaption>\n                <div class=\"gv-real-s-portfolio-bw-viewmore\">\n                    <div class=\"gv-real-s-portfolio-bw-viewmore-bloc\"><\/div>\n                <\/div>\n            <\/figcaption>\n        <\/div>\n    <\/div>\n\n\n    \n\n    \n    <div class=\"gv-real-s-portfolio-bloc\" data-toggle=\"modal\" data-target=\"#realModal\" onclick=\"ajaxGetPortfolioItems(4);\">\n        <div class=\"gv-real-s-portfolio-bloc-wrapper\">\n            <div class=\"gv-real-s-portfolio-bw-thumbnails\">\n                <img decoding=\"async\" src=\"https:\/\/graviconcept.be\/wp-content\/uploads\/2021\/01\/H1_Bascule-integratrice-BDG-a-2-stations-pesees-pour-site.png\" alt=\"Bascule int\u00e9gratrice BDG \u00e0 2 stations pes\u00e9es\" >\n            <\/div>\n            <figcaption>\n                <div class=\"gv-real-s-portfolio-bw-viewmore\">\n                    <div class=\"gv-real-s-portfolio-bw-viewmore-bloc\"><\/div>\n                <\/div>\n            <\/figcaption>\n        <\/div>\n    <\/div>\n\n\n    \n\n    \n    <div class=\"gv-real-s-portfolio-bloc\" data-toggle=\"modal\" data-target=\"#realModal\" onclick=\"ajaxGetPortfolioItems(5);\">\n        <div class=\"gv-real-s-portfolio-bloc-wrapper\">\n            <div class=\"gv-real-s-portfolio-bw-thumbnails\">\n                <img decoding=\"async\" src=\"https:\/\/graviconcept.be\/wp-content\/uploads\/2020\/06\/D1_Int\u00e9gration-dune-bascule-BMG-dans-un-ch\u00e2ssis-tubulaire-scaled.jpg\" alt=\"Int\u00e9gration d'une bascule BMG \u00e0 2 stations pes\u00e9es dans un ch\u00e2ssis tubulaire\" >\n            <\/div>\n            <figcaption>\n                <div class=\"gv-real-s-portfolio-bw-viewmore\">\n                    <div class=\"gv-real-s-portfolio-bw-viewmore-bloc\"><\/div>\n                <\/div>\n            <\/figcaption>\n        <\/div>\n    <\/div>\n\n\n    \n\n    \n    <div class=\"gv-real-s-portfolio-bloc\" data-toggle=\"modal\" data-target=\"#realModal\" onclick=\"ajaxGetPortfolioItems(6);\">\n        <div class=\"gv-real-s-portfolio-bloc-wrapper\">\n            <div class=\"gv-real-s-portfolio-bw-thumbnails\">\n                <img decoding=\"async\" src=\"https:\/\/graviconcept.be\/wp-content\/uploads\/2020\/06\/B1_Adaptation-du-ch\u00e2ssis-pour-placer-une-bascule-scaled.jpg\" alt=\"Transformation d'un ch\u00e2ssis de convoyeur non-standard\" >\n            <\/div>\n            <figcaption>\n                <div class=\"gv-real-s-portfolio-bw-viewmore\">\n                    <div class=\"gv-real-s-portfolio-bw-viewmore-bloc\"><\/div>\n                <\/div>\n            <\/figcaption>\n        <\/div>\n    <\/div>\n\n\n    \n\n    \n    <div class=\"gv-real-s-portfolio-bloc\" data-toggle=\"modal\" data-target=\"#realModal\" onclick=\"ajaxGetPortfolioItems(7);\">\n        <div class=\"gv-real-s-portfolio-bloc-wrapper\">\n            <div class=\"gv-real-s-portfolio-bw-thumbnails\">\n                <img decoding=\"async\" src=\"https:\/\/graviconcept.be\/wp-content\/uploads\/2020\/06\/A3_Poids-\u00e9talon-motoris\u00e9-sur-une-BMP.jpg\" alt=\"Poids \u00e9talon excentrique automatique\" >\n            <\/div>\n            <figcaption>\n                <div class=\"gv-real-s-portfolio-bw-viewmore\">\n                    <div class=\"gv-real-s-portfolio-bw-viewmore-bloc\"><\/div>\n                <\/div>\n            <\/figcaption>\n        <\/div>\n    <\/div>\n\n\n    \n\n    <!-- Modal -->\n\n        <div class=\"gv-modal modal fade\" id=\"realModal\" tabindex=\"-1\" role=\"dialog\" aria-labelledby=\"realModal\" aria-hidden=\"true\">\n            <div class=\"px-prtf-modal-switch-buttons\">\n                <div class=\"px-prtf-modal-switch-button-prev\">\n                    <button type=\"button\" class=\"btn btn-default btn-prev\" onclick=\"\"><\/button>\n                <\/div>\n                <div class=\"px-prtf-modal-switch-button-next\">\n                    <button type=\"button\" class=\"btn btn-default btn-next\" onclick=\"\"><\/button>\n                <\/div>\n            <\/div>\n            <div class=\"gv-prtf-modal-box modal-dialog modal-dialog-centered\" role=\"document\">\n                <div class=\"gv-modal-content modal-content\">\n                    <div class=\"gv-modal-header modal-header\">\n                        <div class=\"gv-prtf-close-button-ico\">\n                            <button type=\"button\" class=\"btn btn-default gv-btn-close\" data-dismiss=\"modal\"><\/button>\n                        <\/div>\n                    <\/div>\n                    <section id=\"gv-prtf-is-gallery-id\" class=\"gv-prtf-mc-real-wt-cnt\">\n                        <article class=\"gv-prtf-mc-real-cnt-top\">\n                            <div class=\"gv-prtf-mc-real-cnt-top-box\">\n                                <div class=\"gv-prtf-rct-picture\">\n                                    <div class=\"gv-carousel-inner-box carousel-inner\">\n                                        <div class=\"gv-carousel-item-box\">\n                                            <div class=\"px-carousel-item-picture-box content_tabs\">\n                                                <img decoding=\"async\" src=\"\" \/>\n                                            <\/div>\n                                            <div class=\"gv-prtf-mc-real-cnt-bottom\">\n                                                <div class=\"gv-prtf-mc-real-cnt-bottom-box\">\n                                                    <div class=\"gv-prtf-rcb-title\">\n                                                        <h3><\/h3>\n                                                    <\/div>\n                                                    <div class=\"gv-prtf-rcb-description\">\n                                                        <p><\/p>\n                                                    <\/div>\n                                                <\/div>\n                                            <\/div>\n                                        <\/div>\n                                    <\/div>\n                                <\/div>\n                            <\/div>\n                        <\/article>\n                    <\/section>\n                <\/div>\n            <\/div>\n        <\/div>\n\n\n\n\n<\/div>                    <div class=\"gv-home-s-real-button\">\n                        <a href=\"\/realisations\/\" class=\"btn btn-grey\">Voir plus...<\/a>\n                    <\/div>\n                <\/section>\n            <\/div>\n        <\/article>\n        <\/div>\n    <\/section>\n<\/section>\n\r\n","protected":false},"excerpt":{"rendered":"","protected":false},"author":1,"featured_media":0,"parent":0,"menu_order":0,"comment_status":"closed","ping_status":"closed","template":"","meta":{"_acf_changed":false,"inline_featured_image":false,"footnotes":""},"class_list":["post-9","page","type-page","status-publish","hentry"],"acf":[],"yoast_head":"<!-- This site is optimized with the Yoast SEO plugin v27.3 - https:\/\/yoast.com\/product\/yoast-seo-wordpress\/ -->\n<title>Graviconcept - Weighing &amp; feeding solutions for the industry<\/title>\n<meta name=\"robots\" content=\"index, follow, max-snippet:-1, max-image-preview:large, max-video-preview:-1\" \/>\n<link rel=\"canonical\" href=\"https:\/\/graviconcept.be\/fr\/\" \/>\n<meta property=\"og:locale\" content=\"fr_FR\" \/>\n<meta property=\"og:type\" content=\"article\" \/>\n<meta property=\"og:title\" content=\"Graviconcept - Weighing &amp; feeding solutions for the industry\" \/>\n<meta property=\"og:url\" content=\"https:\/\/graviconcept.be\/fr\/\" \/>\n<meta property=\"og:site_name\" content=\"Graviconcept\" \/>\n<meta property=\"article:modified_time\" content=\"2025-08-25T13:02:06+00:00\" \/>\n<meta name=\"twitter:card\" content=\"summary_large_image\" \/>\n<meta name=\"twitter:label1\" content=\"Dur\u00e9e de lecture estim\u00e9e\" \/>\n\t<meta name=\"twitter:data1\" content=\"1 minute\" \/>\n<script type=\"application\/ld+json\" class=\"yoast-schema-graph\">{\"@context\":\"https:\\\/\\\/schema.org\",\"@graph\":[{\"@type\":\"WebPage\",\"@id\":\"https:\\\/\\\/graviconcept.be\\\/\",\"url\":\"https:\\\/\\\/graviconcept.be\\\/\",\"name\":\"Graviconcept - Weighing &amp; feeding solutions for the industry\",\"isPartOf\":{\"@id\":\"https:\\\/\\\/graviconcept.be\\\/#website\"},\"datePublished\":\"2019-05-28T13:34:01+00:00\",\"dateModified\":\"2025-08-25T13:02:06+00:00\",\"breadcrumb\":{\"@id\":\"https:\\\/\\\/graviconcept.be\\\/#breadcrumb\"},\"inLanguage\":\"fr-FR\",\"potentialAction\":[{\"@type\":\"ReadAction\",\"target\":[\"https:\\\/\\\/graviconcept.be\\\/\"]}]},{\"@type\":\"BreadcrumbList\",\"@id\":\"https:\\\/\\\/graviconcept.be\\\/#breadcrumb\",\"itemListElement\":[{\"@type\":\"ListItem\",\"position\":1,\"name\":\"Accueil\",\"item\":\"https:\\\/\\\/graviconcept.be\\\/\"},{\"@type\":\"ListItem\",\"position\":2,\"name\":\"Accueil\"}]},{\"@type\":\"WebSite\",\"@id\":\"https:\\\/\\\/graviconcept.be\\\/#website\",\"url\":\"https:\\\/\\\/graviconcept.be\\\/\",\"name\":\"Graviconcept\",\"description\":\"Weighing &amp; feeding solutions for the industry\",\"potentialAction\":[{\"@type\":\"SearchAction\",\"target\":{\"@type\":\"EntryPoint\",\"urlTemplate\":\"https:\\\/\\\/graviconcept.be\\\/?s={search_term_string}\"},\"query-input\":{\"@type\":\"PropertyValueSpecification\",\"valueRequired\":true,\"valueName\":\"search_term_string\"}}],\"inLanguage\":\"fr-FR\"}]}<\/script>\n<!-- \/ Yoast SEO plugin. -->","yoast_head_json":{"title":"Graviconcept - Weighing &amp; feeding solutions for the industry","robots":{"index":"index","follow":"follow","max-snippet":"max-snippet:-1","max-image-preview":"max-image-preview:large","max-video-preview":"max-video-preview:-1"},"canonical":"https:\/\/graviconcept.be\/fr\/","og_locale":"fr_FR","og_type":"article","og_title":"Graviconcept - Weighing &amp; feeding solutions for the industry","og_url":"https:\/\/graviconcept.be\/fr\/","og_site_name":"Graviconcept","article_modified_time":"2025-08-25T13:02:06+00:00","twitter_card":"summary_large_image","twitter_misc":{"Dur\u00e9e de lecture estim\u00e9e":"1 minute"},"schema":{"@context":"https:\/\/schema.org","@graph":[{"@type":"WebPage","@id":"https:\/\/graviconcept.be\/","url":"https:\/\/graviconcept.be\/","name":"Graviconcept - Weighing &amp; feeding solutions for the industry","isPartOf":{"@id":"https:\/\/graviconcept.be\/#website"},"datePublished":"2019-05-28T13:34:01+00:00","dateModified":"2025-08-25T13:02:06+00:00","breadcrumb":{"@id":"https:\/\/graviconcept.be\/#breadcrumb"},"inLanguage":"fr-FR","potentialAction":[{"@type":"ReadAction","target":["https:\/\/graviconcept.be\/"]}]},{"@type":"BreadcrumbList","@id":"https:\/\/graviconcept.be\/#breadcrumb","itemListElement":[{"@type":"ListItem","position":1,"name":"Accueil","item":"https:\/\/graviconcept.be\/"},{"@type":"ListItem","position":2,"name":"Accueil"}]},{"@type":"WebSite","@id":"https:\/\/graviconcept.be\/#website","url":"https:\/\/graviconcept.be\/","name":"Graviconcept","description":"Weighing &amp; feeding solutions for the industry","potentialAction":[{"@type":"SearchAction","target":{"@type":"EntryPoint","urlTemplate":"https:\/\/graviconcept.be\/?s={search_term_string}"},"query-input":{"@type":"PropertyValueSpecification","valueRequired":true,"valueName":"search_term_string"}}],"inLanguage":"fr-FR"}]}},"_links":{"self":[{"href":"https:\/\/graviconcept.be\/fr\/wp-json\/wp\/v2\/pages\/9","targetHints":{"allow":["GET"]}}],"collection":[{"href":"https:\/\/graviconcept.be\/fr\/wp-json\/wp\/v2\/pages"}],"about":[{"href":"https:\/\/graviconcept.be\/fr\/wp-json\/wp\/v2\/types\/page"}],"author":[{"embeddable":true,"href":"https:\/\/graviconcept.be\/fr\/wp-json\/wp\/v2\/users\/1"}],"replies":[{"embeddable":true,"href":"https:\/\/graviconcept.be\/fr\/wp-json\/wp\/v2\/comments?post=9"}],"version-history":[{"count":49,"href":"https:\/\/graviconcept.be\/fr\/wp-json\/wp\/v2\/pages\/9\/revisions"}],"predecessor-version":[{"id":955,"href":"https:\/\/graviconcept.be\/fr\/wp-json\/wp\/v2\/pages\/9\/revisions\/955"}],"wp:attachment":[{"href":"https:\/\/graviconcept.be\/fr\/wp-json\/wp\/v2\/media?parent=9"}],"curies":[{"name":"wp","href":"https:\/\/api.w.org\/{rel}","templated":true}]}}